{"id":1319,"date":"2025-09-08T15:24:42","date_gmt":"2025-09-08T15:24:42","guid":{"rendered":"https:\/\/lavidacambia.org\/home\/about\/"},"modified":"2025-11-18T14:56:52","modified_gmt":"2025-11-18T19:56:52","slug":"que-es-la-fundacion-la-vida-cambia","status":"publish","type":"page","link":"https:\/\/lavidacambia.org\/home\/que-es-la-fundacion-la-vida-cambia\/","title":{"rendered":"Nosotros"},"content":{"rendered":"\t\t<div data-elementor-type=\"wp-page\" data-elementor-id=\"1319\" class=\"elementor elementor-1319\">\n\t\t\t\t<div class=\"elementor-element elementor-element-dcfb448 e-flex e-con-boxed e-con e-parent\" data-id=\"dcfb448\" data-element_type=\"container\" data-settings=\"{&quot;background_background&quot;:&quot;classic&quot;}\">\n\t\t\t\t\t<div class=\"e-con-inner\">\n\t\t<div class=\"elementor-element elementor-element-d21b7e0 e-flex e-con-boxed e-con e-child\" data-id=\"d21b7e0\" data-element_type=\"container\">\n\t\t\t\t\t<div class=\"e-con-inner\">\n\t\t\t\t<div class=\"elementor-element elementor-element-e9fd9dc elementor-widget elementor-widget-heading\" data-id=\"e9fd9dc\" data-element_type=\"widget\" data-widget_type=\"heading.default\">\n\t\t\t\t<div class=\"elementor-widget-container\">\n\t\t\t\t\t<h1 class=\"elementor-heading-title elementor-size-default\">Sobre nosotros <\/h1>\t\t\t\t<\/div>\n\t\t\t\t<\/div>\n\t\t\t\t\t<\/div>\n\t\t\t\t<\/div>\n\t\t\t\t\t<\/div>\n\t\t\t\t<\/div>\n\t\t<div class=\"elementor-element elementor-element-500861b e-flex e-con-boxed e-con e-parent\" data-id=\"500861b\" data-element_type=\"container\">\n\t\t\t\t\t<div class=\"e-con-inner\">\n\t\t<div class=\"elementor-element elementor-element-7dbc6fb e-con-full e-flex e-con e-child\" data-id=\"7dbc6fb\" data-element_type=\"container\">\n\t\t<div class=\"elementor-element elementor-element-c9d1bcb e-con-full e-flex e-con e-child\" data-id=\"c9d1bcb\" data-element_type=\"container\">\n\t\t\t\t<div class=\"elementor-element elementor-element-e260b8f elementor-widget elementor-widget-heading\" data-id=\"e260b8f\" data-element_type=\"widget\" data-widget_type=\"heading.default\">\n\t\t\t\t<div class=\"elementor-widget-container\">\n\t\t\t\t\t<h2 class=\"elementor-heading-title elementor-size-default\">\u00a1Con\u00f3cenos! <\/h2>\t\t\t\t<\/div>\n\t\t\t\t<\/div>\n\t\t\t\t<div class=\"elementor-element elementor-element-38717ac elementor-widget elementor-widget-text-editor\" data-id=\"38717ac\" data-element_type=\"widget\" data-widget_type=\"text-editor.default\">\n\t\t\t\t<div class=\"elementor-widget-container\">\n\t\t\t\t\t\t\t\t\t<p>\u00bfQu\u00e9 es La Fundaci\u00f3n la vida cambia?<br \/>\u00a0La Fundaci\u00f3n La Vida Cambia es una organizaci\u00f3n sin fines de lucro con m\u00e1s de 15 a\u00f1os de trayectoria dedicada a transformar vidas a trav\u00e9s de la educaci\u00f3n. Nuestra misi\u00f3n es crear oportunidades reales para j\u00f3venes en situaci\u00f3n de vulnerabilidad, especialmente ofreciendo becas que les permiten acceder a una formaci\u00f3n profesional y alcanzar t\u00edtulos de tercer nivel.<\/p>\t\t\t\t\t\t\t\t<\/div>\n\t\t\t\t<\/div>\n\t\t\t\t<\/div>\n\t\t\t\t<div class=\"elementor-element elementor-element-e9a8c1e elementor-widget elementor-widget-image\" data-id=\"e9a8c1e\" data-element_type=\"widget\" data-widget_type=\"image.default\">\n\t\t\t\t<div class=\"elementor-widget-container\">\n\t\t\t\t\t\t\t\t\t\t\t\t\t\t\t<img fetchpriority=\"high\" decoding=\"async\" width=\"571\" height=\"308\" src=\"https:\/\/lavidacambia.org\/home\/wp-content\/uploads\/2025\/09\/Screenshot_19.png\" class=\"attachment-full size-full wp-image-2174\" alt=\"imagen de ni\u00f1os fundaci\u00f3n\" srcset=\"https:\/\/lavidacambia.org\/home\/wp-content\/uploads\/2025\/09\/Screenshot_19.png 571w, https:\/\/lavidacambia.org\/home\/wp-content\/uploads\/2025\/09\/Screenshot_19-300x162.png 300w\" sizes=\"(max-width: 571px) 100vw, 571px\" \/>\t\t\t\t\t\t\t\t\t\t\t\t\t\t\t<\/div>\n\t\t\t\t<\/div>\n\t\t\t\t<div class=\"elementor-element elementor-element-1078e9d elementor-widget elementor-widget-hfe-infocard\" data-id=\"1078e9d\" data-element_type=\"widget\" data-widget_type=\"hfe-infocard.default\">\n\t\t\t\t<div class=\"elementor-widget-container\">\n\t\t\t\t\t\n\t\t<div class=\"hfe-infocard\">\n\t\t\t\t\t\t\t\t\t<div class=\"hfe-infocard-title-wrap\">\n\t\t\t\t<h3 class=\"hfe-infocard-title elementor-inline-editing\" data-elementor-setting-key=\"infocard_title\" data-elementor-inline-editing-toolbar=\"basic\" >Misi\u00f3n <\/h3>\t\t\t<\/div>\n\t\t\t\t\t\t<div class=\"hfe-infocard-text-wrap\">\n\t\t\t\t<div class=\"hfe-infocard-text elementor-inline-editing\" data-elementor-setting-key=\"infocard_description\" data-elementor-inline-editing-toolbar=\"advanced\">\n\t\t\t\t\tTransformar vidas ofreciendo oportunidades de capacitaci\u00f3n de bajo costo y becas de estudio para j\u00f3venes vulnerables, empoder\u00e1ndolos para que puedan alcanzar su m\u00e1ximo potencial y contribuir al desarrollo de sus comunidades.\t\t\t\t<\/div>\n\t\t\t\t\t\t\t<\/div>\n\t\t<\/div>\n\n\t\t\t\t\t\t<\/div>\n\t\t\t\t<\/div>\n\t\t\t\t<div class=\"elementor-element elementor-element-dc17847 elementor-widget__width-initial elementor-widget elementor-widget-hfe-infocard\" data-id=\"dc17847\" data-element_type=\"widget\" data-widget_type=\"hfe-infocard.default\">\n\t\t\t\t<div class=\"elementor-widget-container\">\n\t\t\t\t\t\n\t\t<div class=\"hfe-infocard\">\n\t\t\t\t\t\t\t\t\t<div class=\"hfe-infocard-title-wrap\">\n\t\t\t\t<h3 class=\"hfe-infocard-title elementor-inline-editing\" data-elementor-setting-key=\"infocard_title\" data-elementor-inline-editing-toolbar=\"basic\" >Visi\u00f3n<\/h3>\t\t\t<\/div>\n\t\t\t\t\t\t<div class=\"hfe-infocard-text-wrap\">\n\t\t\t\t<div class=\"hfe-infocard-text elementor-inline-editing\" data-elementor-setting-key=\"infocard_description\" data-elementor-inline-editing-toolbar=\"advanced\">\n\t\t\t\t\t<p>Ser reconocidos como un referente en capacitaci\u00f3n, compromiso con la igualdad de oportunidades e inclusi\u00f3n social, promoviendo un futuro donde cada joven ecuatoriano tenga acceso a educaci\u00f3n de calidad, independientemente de su situaci\u00f3n socioecon\u00f3mica.<\/p>\t\t\t\t<\/div>\n\t\t\t\t\t\t\t<\/div>\n\t\t<\/div>\n\n\t\t\t\t\t\t<\/div>\n\t\t\t\t<\/div>\n\t\t\t\t<div class=\"elementor-element elementor-element-1a25247 elementor-widget elementor-widget-image\" data-id=\"1a25247\" data-element_type=\"widget\" data-widget_type=\"image.default\">\n\t\t\t\t<div class=\"elementor-widget-container\">\n\t\t\t\t\t\t\t\t\t\t\t\t\t\t\t<img decoding=\"async\" width=\"713\" height=\"426\" src=\"https:\/\/lavidacambia.org\/home\/wp-content\/uploads\/2025\/11\/domingos-de-arte-photo.png\" class=\"attachment-large size-large wp-image-2803\" alt=\"domingos de arte photo\" srcset=\"https:\/\/lavidacambia.org\/home\/wp-content\/uploads\/2025\/11\/domingos-de-arte-photo.png 713w, https:\/\/lavidacambia.org\/home\/wp-content\/uploads\/2025\/11\/domingos-de-arte-photo-300x179.png 300w\" sizes=\"(max-width: 713px) 100vw, 713px\" \/>\t\t\t\t\t\t\t\t\t\t\t\t\t\t\t<\/div>\n\t\t\t\t<\/div>\n\t\t\t\t<\/div>\n\t\t\t\t\t<\/div>\n\t\t\t\t<\/div>\n\t\t<div class=\"elementor-element elementor-element-3e8277a e-flex e-con-boxed e-con e-parent\" data-id=\"3e8277a\" data-element_type=\"container\">\n\t\t\t\t\t<div class=\"e-con-inner\">\n\t\t<div class=\"elementor-element elementor-element-2ef9d6b e-con-full e-flex e-con e-child\" data-id=\"2ef9d6b\" data-element_type=\"container\">\n\t\t\t\t<div class=\"elementor-element elementor-element-a516f07 elementor-widget elementor-widget-heading\" data-id=\"a516f07\" data-element_type=\"widget\" data-widget_type=\"heading.default\">\n\t\t\t\t<div class=\"elementor-widget-container\">\n\t\t\t\t\t<h2 class=\"elementor-heading-title elementor-size-default\">Nuestros Logros <\/h2>\t\t\t\t<\/div>\n\t\t\t\t<\/div>\n\t\t<div class=\"elementor-element elementor-element-78bc5bd e-con-full e-flex e-con e-child\" data-id=\"78bc5bd\" data-element_type=\"container\">\n\t\t\t\t<div class=\"elementor-element elementor-element-e485da4 elementor-widget__width-initial elementor-widget elementor-widget-text-editor\" data-id=\"e485da4\" data-element_type=\"widget\" data-widget_type=\"text-editor.default\">\n\t\t\t\t<div class=\"elementor-widget-container\">\n\t\t\t\t\t\t\t\t\t<p data-start=\"191\" data-end=\"419\"><strong data-start=\"191\" data-end=\"224\">M\u00e1s de 15 a\u00f1os de trayectoria<\/strong><br data-start=\"224\" data-end=\"227\" \/>Durante m\u00e1s de una d\u00e9cada y media, la Fundaci\u00f3n ha trabajado en la transformaci\u00f3n de vidas a trav\u00e9s de la educaci\u00f3n, ofreciendo oportunidades reales a j\u00f3venes en situaci\u00f3n de vulnerabilidad.<\/p><p data-start=\"421\" data-end=\"609\"><strong data-start=\"421\" data-end=\"455\">Becas para estudios superiores<\/strong><br data-start=\"455\" data-end=\"458\" \/>En alianza con el Instituto Tecnol\u00f3gico Paradox, decenas de estudiantes han accedido a carreras de tercer nivel mediante becas parciales y completas.<\/p><p data-start=\"611\" data-end=\"723\"><strong data-start=\"611\" data-end=\"649\">Programas para j\u00f3venes vulnerables<\/strong><br data-start=\"649\" data-end=\"652\" \/>La Fundaci\u00f3n impulsa proyectos que responden a distintas necesidades:<\/p><ul data-start=\"724\" data-end=\"1297\"><li data-start=\"724\" data-end=\"857\"><p data-start=\"726\" data-end=\"857\"><span data-start=\"726\" data-end=\"774\">Concurso Nacional de Becas \u201cVolviendo a So\u00f1ar\u201d<\/span>, para j\u00f3venes que detuvieron sus estudios por la crisis econ\u00f3mica o la pandemia.<\/p><\/li><li data-start=\"858\" data-end=\"987\"><p data-start=\"860\" data-end=\"987\"><span data-start=\"860\" data-end=\"892\">Becas para Zonas en Desarrollo<\/span>, con cobertura del 90 % al 100 % en aranceles, financiadas por empresas p\u00fablicas y privadas.<\/p><\/li><li data-start=\"988\" data-end=\"1143\"><p data-start=\"990\" data-end=\"1143\"><span data-start=\"990\" data-end=\"1014\">Proyecto \u201c\u00a1Hey Reina!\u201d<\/span>, que apoya el empoderamiento femenino y brinda educaci\u00f3n superior a mujeres vulnerables o v\u00edctimas de violencia intrafamiliar.<\/p><\/li><li data-start=\"1144\" data-end=\"1297\"><p data-start=\"1146\" data-end=\"1297\"><span data-start=\"1146\" data-end=\"1172\">Campa\u00f1as de Crowdfunding<\/span>, que permiten a la sociedad civil y empresas apoyar casos espec\u00edficos y asegurar la continuidad educativa de los becarios.<\/p><\/li><\/ul><p data-start=\"1299\" data-end=\"1631\"><strong data-start=\"1299\" data-end=\"1351\">Sistema de donaciones con beneficios tributarios<\/strong><br data-start=\"1351\" data-end=\"1354\" \/>La Fundaci\u00f3n ofrece a los donantes deducibilidad del impuesto a la renta, lo que convierte cada aporte en un beneficio doble: apoyo social y alivio fiscal. Adem\u00e1s, promueven un sistema innovador 60\/40, que combina donaciones en efectivo (40 %) con aportes en especies (60 %).<\/p><p data-start=\"1633\" data-end=\"1858\"><strong data-start=\"1633\" data-end=\"1661\">Impacto a nivel nacional<\/strong><br data-start=\"1661\" data-end=\"1664\" \/>La Fundaci\u00f3n no solo trabaja en Guayaquil: sus becas y programas benefician a j\u00f3venes de distintas provincias del Ecuador, especialmente en zonas en desarrollo, ampliando su alcance e impacto.<\/p>\t\t\t\t\t\t\t\t<\/div>\n\t\t\t\t<\/div>\n\t\t\t\t<\/div>\n\t\t\t\t<\/div>\n\t\t<div class=\"elementor-element elementor-element-67a90c6 e-con-full e-flex e-con e-child\" data-id=\"67a90c6\" data-element_type=\"container\">\n\t\t\t\t<div class=\"elementor-element elementor-element-934bb7f elementor-widget elementor-widget-image\" data-id=\"934bb7f\" data-element_type=\"widget\" data-widget_type=\"image.default\">\n\t\t\t\t<div class=\"elementor-widget-container\">\n\t\t\t\t\t\t\t\t\t\t\t\t\t\t\t<img decoding=\"async\" width=\"576\" height=\"1024\" src=\"https:\/\/lavidacambia.org\/home\/wp-content\/uploads\/2025\/09\/Diseno-sin-titulo-576x1024.png\" class=\"attachment-large size-large wp-image-2438\" alt=\"la vida cambia logo\" srcset=\"https:\/\/lavidacambia.org\/home\/wp-content\/uploads\/2025\/09\/Diseno-sin-titulo-576x1024.png 576w, https:\/\/lavidacambia.org\/home\/wp-content\/uploads\/2025\/09\/Diseno-sin-titulo-169x300.png 169w, https:\/\/lavidacambia.org\/home\/wp-content\/uploads\/2025\/09\/Diseno-sin-titulo-768x1365.png 768w, https:\/\/lavidacambia.org\/home\/wp-content\/uploads\/2025\/09\/Diseno-sin-titulo-864x1536.png 864w, https:\/\/lavidacambia.org\/home\/wp-content\/uploads\/2025\/09\/Diseno-sin-titulo.png 1080w\" sizes=\"(max-width: 576px) 100vw, 576px\" \/>\t\t\t\t\t\t\t\t\t\t\t\t\t\t\t<\/div>\n\t\t\t\t<\/div>\n\t\t\t\t<\/div>\n\t\t\t\t\t<\/div>\n\t\t\t\t<\/div>\n\t\t\t\t<\/div>\n\t\t","protected":false},"excerpt":{"rendered":"<p>Sobre nosotros \u00a1Con\u00f3cenos! \u00bfQu\u00e9 es La Fundaci\u00f3n la vida cambia?\u00a0La Fundaci\u00f3n La Vida Cambia es una organizaci\u00f3n sin fines de lucro con m\u00e1s de 15 a\u00f1os de trayectoria dedicada a transformar vidas a trav\u00e9s de la educaci\u00f3n. Nuestra misi\u00f3n es crear oportunidades reales para j\u00f3venes en situaci\u00f3n de vulnerabilidad, especialmente ofreciendo becas que les permiten [&hellip;]<\/p>\n","protected":false},"author":1,"featured_media":0,"parent":0,"menu_order":0,"comment_status":"closed","ping_status":"closed","template":"","meta":{"pagelayer_contact_templates":[],"_pagelayer_content":"","site-sidebar-layout":"no-sidebar","site-content-layout":"page-builder","ast-site-content-layout":"full-width-container","site-content-style":"unboxed","site-sidebar-style":"unboxed","ast-global-header-display":"","ast-banner-title-visibility":"","ast-main-header-display":"","ast-hfb-above-header-display":"","ast-hfb-below-header-display":"","ast-hfb-mobile-header-display":"","site-post-title":"disabled","ast-breadcrumbs-content":"","ast-featured-img":"disabled","footer-sml-layout":"","theme-transparent-header-meta":"enabled","adv-header-id-meta":"","stick-header-meta":"","header-above-stick-meta":"","header-main-stick-meta":"","header-below-stick-meta":"","astra-migrate-meta-layouts":"set","ast-page-background-enabled":"default","ast-page-background-meta":{"desktop":{"background-color":"var(--ast-global-color-4)","background-image":"","background-repeat":"repeat","background-position":"center center","background-size":"auto","background-attachment":"scroll","background-type":"","background-media":"","overlay-type":"","overlay-color":"","overlay-opacity":"","overlay-gradient":""},"tablet":{"background-color":"","background-image":"","background-repeat":"repeat","background-position":"center center","background-size":"auto","background-attachment":"scroll","background-type":"","background-media":"","overlay-type":"","overlay-color":"","overlay-opacity":"","overlay-gradient":""},"mobile":{"background-color":"","background-image":"","background-repeat":"repeat","background-position":"center center","background-size":"auto","background-attachment":"scroll","background-type":"","background-media":"","overlay-type":"","overlay-color":"","overlay-opacity":"","overlay-gradient":""}},"ast-content-background-meta":{"desktop":{"background-color":"var(--ast-global-color-5)","background-image":"","background-repeat":"repeat","background-position":"center center","background-size":"auto","background-attachment":"scroll","background-type":"","background-media":"","overlay-type":"","overlay-color":"","overlay-opacity":"","overlay-gradient":""},"tablet":{"background-color":"var(--ast-global-color-5)","background-image":"","background-repeat":"repeat","background-position":"center center","background-size":"auto","background-attachment":"scroll","background-type":"","background-media":"","overlay-type":"","overlay-color":"","overlay-opacity":"","overlay-gradient":""},"mobile":{"background-color":"var(--ast-global-color-5)","background-image":"","background-repeat":"repeat","background-position":"center center","background-size":"auto","background-attachment":"scroll","background-type":"","background-media":"","overlay-type":"","overlay-color":"","overlay-opacity":"","overlay-gradient":""}},"footnotes":""},"class_list":["post-1319","page","type-page","status-publish","hentry"],"yoast_head":"<!-- This site is optimized with the Yoast SEO plugin v25.8 - https:\/\/yoast.com\/wordpress\/plugins\/seo\/ -->\n<title>Nosotros - Fundaci\u00f3n La Vida Cambia<\/title>\n<meta name=\"description\" content=\"Somos la Fundaci\u00f3n La Vida Cambia, una organizaci\u00f3n sin fines de lucro con m\u00e1s de 15 a\u00f1os transformando vidas a trav\u00e9s de la educaci\u00f3n. Nos enfocamos en brindar oportunidades a j\u00f3venes en situaci\u00f3n de vulnerabilidad mediante becas para carreras de tercer nivel.\" \/>\n<meta name=\"robots\" content=\"index, follow, max-snippet:-1, max-image-preview:large, max-video-preview:-1\" \/>\n<link rel=\"canonical\" href=\"https:\/\/lavidacambia.org\/home\/que-es-la-fundacion-la-vida-cambia\/\" \/>\n<meta property=\"og:locale\" content=\"es_ES\" \/>\n<meta property=\"og:type\" content=\"article\" \/>\n<meta property=\"og:title\" content=\"Nosotros - Fundaci\u00f3n La Vida Cambia\" \/>\n<meta property=\"og:description\" content=\"Somos la Fundaci\u00f3n La Vida Cambia, una organizaci\u00f3n sin fines de lucro con m\u00e1s de 15 a\u00f1os transformando vidas a trav\u00e9s de la educaci\u00f3n. Nos enfocamos en brindar oportunidades a j\u00f3venes en situaci\u00f3n de vulnerabilidad mediante becas para carreras de tercer nivel.\" \/>\n<meta property=\"og:url\" content=\"https:\/\/lavidacambia.org\/home\/que-es-la-fundacion-la-vida-cambia\/\" \/>\n<meta property=\"og:site_name\" content=\"Fundaci\u00f3n La Vida Cambia\" \/>\n<meta property=\"article:modified_time\" content=\"2025-11-18T19:56:52+00:00\" \/>\n<meta property=\"og:image\" content=\"https:\/\/lavidacambia.org\/home\/wp-content\/uploads\/2025\/09\/Screenshot_19.png\" \/>\n\t<meta property=\"og:image:width\" content=\"571\" \/>\n\t<meta property=\"og:image:height\" content=\"308\" \/>\n\t<meta property=\"og:image:type\" content=\"image\/png\" \/>\n<meta name=\"twitter:card\" content=\"summary_large_image\" \/>\n<meta name=\"twitter:label1\" content=\"Tiempo de lectura\" \/>\n\t<meta name=\"twitter:data1\" content=\"3 minutos\" \/>\n<script type=\"application\/ld+json\" class=\"yoast-schema-graph\">{\"@context\":\"https:\/\/schema.org\",\"@graph\":[{\"@type\":\"WebPage\",\"@id\":\"https:\/\/lavidacambia.org\/home\/que-es-la-fundacion-la-vida-cambia\/\",\"url\":\"https:\/\/lavidacambia.org\/home\/que-es-la-fundacion-la-vida-cambia\/\",\"name\":\"Nosotros - Fundaci\u00f3n La Vida Cambia\",\"isPartOf\":{\"@id\":\"https:\/\/lavidacambia.org\/home\/#website\"},\"primaryImageOfPage\":{\"@id\":\"https:\/\/lavidacambia.org\/home\/que-es-la-fundacion-la-vida-cambia\/#primaryimage\"},\"image\":{\"@id\":\"https:\/\/lavidacambia.org\/home\/que-es-la-fundacion-la-vida-cambia\/#primaryimage\"},\"thumbnailUrl\":\"https:\/\/lavidacambia.org\/home\/wp-content\/uploads\/2025\/09\/Screenshot_19.png\",\"datePublished\":\"2025-09-08T15:24:42+00:00\",\"dateModified\":\"2025-11-18T19:56:52+00:00\",\"description\":\"Somos la Fundaci\u00f3n La Vida Cambia, una organizaci\u00f3n sin fines de lucro con m\u00e1s de 15 a\u00f1os transformando vidas a trav\u00e9s de la educaci\u00f3n. Nos enfocamos en brindar oportunidades a j\u00f3venes en situaci\u00f3n de vulnerabilidad mediante becas para carreras de tercer nivel.\",\"breadcrumb\":{\"@id\":\"https:\/\/lavidacambia.org\/home\/que-es-la-fundacion-la-vida-cambia\/#breadcrumb\"},\"inLanguage\":\"es\",\"potentialAction\":[{\"@type\":\"ReadAction\",\"target\":[\"https:\/\/lavidacambia.org\/home\/que-es-la-fundacion-la-vida-cambia\/\"]}]},{\"@type\":\"ImageObject\",\"inLanguage\":\"es\",\"@id\":\"https:\/\/lavidacambia.org\/home\/que-es-la-fundacion-la-vida-cambia\/#primaryimage\",\"url\":\"https:\/\/lavidacambia.org\/home\/wp-content\/uploads\/2025\/09\/Screenshot_19.png\",\"contentUrl\":\"https:\/\/lavidacambia.org\/home\/wp-content\/uploads\/2025\/09\/Screenshot_19.png\",\"width\":571,\"height\":308,\"caption\":\"imagen de ni\u00f1os fundaci\u00f3n\"},{\"@type\":\"BreadcrumbList\",\"@id\":\"https:\/\/lavidacambia.org\/home\/que-es-la-fundacion-la-vida-cambia\/#breadcrumb\",\"itemListElement\":[{\"@type\":\"ListItem\",\"position\":1,\"name\":\"Portada\",\"item\":\"https:\/\/lavidacambia.org\/home\/\"},{\"@type\":\"ListItem\",\"position\":2,\"name\":\"Nosotros\"}]},{\"@type\":\"WebSite\",\"@id\":\"https:\/\/lavidacambia.org\/home\/#website\",\"url\":\"https:\/\/lavidacambia.org\/home\/\",\"name\":\"Fundaci\u00f3n La Vida Cambia\",\"description\":\"Conoce sobre La Fundaci\u00f3n La Vida Cambia\",\"publisher\":{\"@id\":\"https:\/\/lavidacambia.org\/home\/#organization\"},\"potentialAction\":[{\"@type\":\"SearchAction\",\"target\":{\"@type\":\"EntryPoint\",\"urlTemplate\":\"https:\/\/lavidacambia.org\/home\/?s={search_term_string}\"},\"query-input\":{\"@type\":\"PropertyValueSpecification\",\"valueRequired\":true,\"valueName\":\"search_term_string\"}}],\"inLanguage\":\"es\"},{\"@type\":\"Organization\",\"@id\":\"https:\/\/lavidacambia.org\/home\/#organization\",\"name\":\"Fundaci\u00f3n La Vida Cambia\",\"url\":\"https:\/\/lavidacambia.org\/home\/\",\"logo\":{\"@type\":\"ImageObject\",\"inLanguage\":\"es\",\"@id\":\"https:\/\/lavidacambia.org\/home\/#\/schema\/logo\/image\/\",\"url\":\"https:\/\/lavidacambia.org\/home\/wp-content\/uploads\/2025\/10\/cropped-La-vida-cambia-1.png\",\"contentUrl\":\"https:\/\/lavidacambia.org\/home\/wp-content\/uploads\/2025\/10\/cropped-La-vida-cambia-1.png\",\"width\":594,\"height\":458,\"caption\":\"Fundaci\u00f3n La Vida Cambia\"},\"image\":{\"@id\":\"https:\/\/lavidacambia.org\/home\/#\/schema\/logo\/image\/\"}}]}<\/script>\n<!-- \/ Yoast SEO plugin. -->","yoast_head_json":{"title":"Nosotros - Fundaci\u00f3n La Vida Cambia","description":"Somos la Fundaci\u00f3n La Vida Cambia, una organizaci\u00f3n sin fines de lucro con m\u00e1s de 15 a\u00f1os transformando vidas a trav\u00e9s de la educaci\u00f3n. Nos enfocamos en brindar oportunidades a j\u00f3venes en situaci\u00f3n de vulnerabilidad mediante becas para carreras de tercer nivel.","robots":{"index":"index","follow":"follow","max-snippet":"max-snippet:-1","max-image-preview":"max-image-preview:large","max-video-preview":"max-video-preview:-1"},"canonical":"https:\/\/lavidacambia.org\/home\/que-es-la-fundacion-la-vida-cambia\/","og_locale":"es_ES","og_type":"article","og_title":"Nosotros - Fundaci\u00f3n La Vida Cambia","og_description":"Somos la Fundaci\u00f3n La Vida Cambia, una organizaci\u00f3n sin fines de lucro con m\u00e1s de 15 a\u00f1os transformando vidas a trav\u00e9s de la educaci\u00f3n. Nos enfocamos en brindar oportunidades a j\u00f3venes en situaci\u00f3n de vulnerabilidad mediante becas para carreras de tercer nivel.","og_url":"https:\/\/lavidacambia.org\/home\/que-es-la-fundacion-la-vida-cambia\/","og_site_name":"Fundaci\u00f3n La Vida Cambia","article_modified_time":"2025-11-18T19:56:52+00:00","og_image":[{"width":571,"height":308,"url":"https:\/\/lavidacambia.org\/home\/wp-content\/uploads\/2025\/09\/Screenshot_19.png","type":"image\/png"}],"twitter_card":"summary_large_image","twitter_misc":{"Tiempo de lectura":"3 minutos"},"schema":{"@context":"https:\/\/schema.org","@graph":[{"@type":"WebPage","@id":"https:\/\/lavidacambia.org\/home\/que-es-la-fundacion-la-vida-cambia\/","url":"https:\/\/lavidacambia.org\/home\/que-es-la-fundacion-la-vida-cambia\/","name":"Nosotros - Fundaci\u00f3n La Vida Cambia","isPartOf":{"@id":"https:\/\/lavidacambia.org\/home\/#website"},"primaryImageOfPage":{"@id":"https:\/\/lavidacambia.org\/home\/que-es-la-fundacion-la-vida-cambia\/#primaryimage"},"image":{"@id":"https:\/\/lavidacambia.org\/home\/que-es-la-fundacion-la-vida-cambia\/#primaryimage"},"thumbnailUrl":"https:\/\/lavidacambia.org\/home\/wp-content\/uploads\/2025\/09\/Screenshot_19.png","datePublished":"2025-09-08T15:24:42+00:00","dateModified":"2025-11-18T19:56:52+00:00","description":"Somos la Fundaci\u00f3n La Vida Cambia, una organizaci\u00f3n sin fines de lucro con m\u00e1s de 15 a\u00f1os transformando vidas a trav\u00e9s de la educaci\u00f3n. Nos enfocamos en brindar oportunidades a j\u00f3venes en situaci\u00f3n de vulnerabilidad mediante becas para carreras de tercer nivel.","breadcrumb":{"@id":"https:\/\/lavidacambia.org\/home\/que-es-la-fundacion-la-vida-cambia\/#breadcrumb"},"inLanguage":"es","potentialAction":[{"@type":"ReadAction","target":["https:\/\/lavidacambia.org\/home\/que-es-la-fundacion-la-vida-cambia\/"]}]},{"@type":"ImageObject","inLanguage":"es","@id":"https:\/\/lavidacambia.org\/home\/que-es-la-fundacion-la-vida-cambia\/#primaryimage","url":"https:\/\/lavidacambia.org\/home\/wp-content\/uploads\/2025\/09\/Screenshot_19.png","contentUrl":"https:\/\/lavidacambia.org\/home\/wp-content\/uploads\/2025\/09\/Screenshot_19.png","width":571,"height":308,"caption":"imagen de ni\u00f1os fundaci\u00f3n"},{"@type":"BreadcrumbList","@id":"https:\/\/lavidacambia.org\/home\/que-es-la-fundacion-la-vida-cambia\/#breadcrumb","itemListElement":[{"@type":"ListItem","position":1,"name":"Portada","item":"https:\/\/lavidacambia.org\/home\/"},{"@type":"ListItem","position":2,"name":"Nosotros"}]},{"@type":"WebSite","@id":"https:\/\/lavidacambia.org\/home\/#website","url":"https:\/\/lavidacambia.org\/home\/","name":"Fundaci\u00f3n La Vida Cambia","description":"Conoce sobre La Fundaci\u00f3n La Vida Cambia","publisher":{"@id":"https:\/\/lavidacambia.org\/home\/#organization"},"potentialAction":[{"@type":"SearchAction","target":{"@type":"EntryPoint","urlTemplate":"https:\/\/lavidacambia.org\/home\/?s={search_term_string}"},"query-input":{"@type":"PropertyValueSpecification","valueRequired":true,"valueName":"search_term_string"}}],"inLanguage":"es"},{"@type":"Organization","@id":"https:\/\/lavidacambia.org\/home\/#organization","name":"Fundaci\u00f3n La Vida Cambia","url":"https:\/\/lavidacambia.org\/home\/","logo":{"@type":"ImageObject","inLanguage":"es","@id":"https:\/\/lavidacambia.org\/home\/#\/schema\/logo\/image\/","url":"https:\/\/lavidacambia.org\/home\/wp-content\/uploads\/2025\/10\/cropped-La-vida-cambia-1.png","contentUrl":"https:\/\/lavidacambia.org\/home\/wp-content\/uploads\/2025\/10\/cropped-La-vida-cambia-1.png","width":594,"height":458,"caption":"Fundaci\u00f3n La Vida Cambia"},"image":{"@id":"https:\/\/lavidacambia.org\/home\/#\/schema\/logo\/image\/"}}]}},"_links":{"self":[{"href":"https:\/\/lavidacambia.org\/home\/wp-json\/wp\/v2\/pages\/1319","targetHints":{"allow":["GET"]}}],"collection":[{"href":"https:\/\/lavidacambia.org\/home\/wp-json\/wp\/v2\/pages"}],"about":[{"href":"https:\/\/lavidacambia.org\/home\/wp-json\/wp\/v2\/types\/page"}],"author":[{"embeddable":true,"href":"https:\/\/lavidacambia.org\/home\/wp-json\/wp\/v2\/users\/1"}],"replies":[{"embeddable":true,"href":"https:\/\/lavidacambia.org\/home\/wp-json\/wp\/v2\/comments?post=1319"}],"version-history":[{"count":61,"href":"https:\/\/lavidacambia.org\/home\/wp-json\/wp\/v2\/pages\/1319\/revisions"}],"predecessor-version":[{"id":2841,"href":"https:\/\/lavidacambia.org\/home\/wp-json\/wp\/v2\/pages\/1319\/revisions\/2841"}],"wp:attachment":[{"href":"https:\/\/lavidacambia.org\/home\/wp-json\/wp\/v2\/media?parent=1319"}],"curies":[{"name":"wp","href":"https:\/\/api.w.org\/{rel}","templated":true}]}}